{"id":16939,"date":"2023-02-02T11:41:24","date_gmt":"2023-02-02T10:41:24","guid":{"rendered":"http:\/\/www.amateurtheater-ooe.at\/?page_id=16939"},"modified":"2026-04-27T10:32:57","modified_gmt":"2026-04-27T09:32:57","slug":"externe-festivals-und-veranstaltungen","status":"publish","type":"page","link":"https:\/\/www.amateurtheater-ooe.at\/?page_id=16939","title":{"rendered":"Externe Veranstaltungen und  Festivals"},"content":{"rendered":"<p>Hier finden Sie Veranstaltungen der anderen Landesverb\u00e4nde, des <a href=\"https:\/\/www.oebvtheater.at\/\">\u00d6BV<\/a> oder welche, die wir einfach interessant finden.<\/p>\n<h2>2026<\/h2>\n<h1><span data-olk-copy-source=\"MessageBody\">Sc\u00e9nick\u00e1 \u017eatva \/ Scenic Harvest 2026<br \/>\nFinals of the 104th year of theatre competitions in Slovakia<br \/>\n<\/span><\/h1>\n<h3>26 to 29 August 2026<br \/>\nin Martin, Slovakia<\/h3>\n<p><span style=\"text-decoration: underline;\"><strong>Application deadline: 15 May 2026<\/strong><\/span><br \/>\nFestival website: <a href=\"https:\/\/www.scenickazatva.eu\/2026\/en\/\">https:\/\/www.scenickazatva.eu\/2026\/en\/<\/a><br \/>\n<strong>Foreign observers<\/strong><br \/>\nIf you want to be an observer at the festival, or have questions please contact the head of the programme Matej Mo\u0161ko at matej.mosko@nocka.sk<\/p>\n<p>&nbsp;<\/p>\n<h1><span data-olk-copy-source=\"MessageBody\">Future for Kids, an international festival of children\u2019s theater groups<\/span><\/h1>\n<h3><b data-olk-copy-source=\"MessageBody\">5 to 8 October 2026<br \/>\nValencia, Spain<\/b><\/h3>\n<p>We are pleased to inform you about the opportunity to participate in the Future for Kids, an international festival of children\u2019s theater groups, which will take place from 5 to 8 October 2026 in Valencia, Spain.<br \/>\nGroups interested in participating are invited to submit their applications via the official registration form available at <a href=\"https:\/\/11theatercompany.com\/futurekids\">THIS link<\/a>.<\/p>\n<p>Key details:<br \/>\n\u00b7 <span style=\"text-decoration: underline;\"><strong>Application deadline: 1 July 2026<\/strong><\/span><br \/>\n\u00b7 They invite theater groups aged 7 to 17 from all over the world<br \/>\n\u00b7 There are no restrictions on the genre of the production or the language of the performance<\/p>\n<p>Find the event on our website on <a href=\"https:\/\/www.aitaiata.net\/future-for-kids-2026-october-5-8-2026-valencia-spain\/\">THIS link<\/a>.<\/p>\n<p>&nbsp;<\/p>\n<h1><b><span data-olk-copy-source=\"MessageBody\">THEATER-, TANZ-, GESANGS-Workshops<\/span><\/b><br \/>\n<b>Internationale Sommerakademie f\u00fcr Theater, <\/b><\/h1>\n<h3><b>9. bis 28. August 2026<br \/>\n<\/b><b>Graz<\/b><\/h3>\n<p><b><\/b>Angewandtes Theater, Atem &amp; Stimme, Ballett, B\u00fchnenkampf, Choreographie, Clowntheater, Crazy Characters, Die Kunst des Spielens (Improtheater),<br \/>\nFilmschauspiel, Gesang Basic, Gesang II Advanced, Kabarett, Klassische Szenen &amp; Monolog, Lindy Hop Beginners &amp; Solo Swing &amp; Footwork,<br \/>\nLuftakrobatik, Maskenspiel, Modern Dance Basic, Modern Jazz Dance Advanced, Musical, Musical-Dance, Musical-Gesang f\u00fcr Aufnahmepr\u00fcfungen,<br \/>\nMusical-Schauspiel, Nonverbales Theater, Pantomime, Personal Branding, Regie im Schnellverfahren, Schreibwerkstatt, Sprechtechnik, Tanzakrobatik,<br \/>\nTheater, Theater-Regie, Theater f\u00fcr Aufnahmepr\u00fcfungen, Vetoprinzip, Warm Up<\/p>\n<p><b>Speziell f\u00fcr Jugendliche (10-15):<\/b><br \/>\nTeens On Stage, Teens On Screen, Theater &amp; Improvisation<\/p>\n<p><a href=\"https:\/\/www.somak.at\/\">https:\/\/www.somak.at\/<\/a><\/p>\n<p><b><span data-olk-copy-source=\"MessageBody\">Die Anmeldung ist ab sofort m\u00f6glich!<\/span><\/b><\/p>\n<p>W\u00e4re fein, wenn wir Dich im Sommer in Graz begr\u00fc\u00dfen d\u00fcrften!<\/p>\n<p>Das Organisationsteam,Doris, Gregor &amp; Thomas<\/p>\n<p>&nbsp;<\/p>\n<h2>2027<\/h2>\n<h1>OPEN CALL 14. INTERNATIONALES LICHT.BLICKE THEATERFESTIVAL F\u00dcR JUNGES PUBLIKUM<\/h1>\n<h3>19.- 24.02.2027<br \/>\nN\u00fcrnberg<\/h3>\n<p>Es ist wieder so weit: Vom 19. bis 24. Februar 2027 findet licht.blicke, das internationale Theaterfestival f\u00fcr junges Publikum, in N\u00fcrnberg statt.<br \/>\nSeit 2001 l\u00e4dt das Gostner Hoftheater alle zwei Jahre au\u00dfergew\u00f6hnliche Theaterproduktionen aus aller Welt ein, um sie dem jungen Publikum N\u00fcrnbergs n\u00e4her zu bringen.<br \/>\nBewerbungen f\u00fcr die 14. Ausgabe des Festivals sind bis 15. Mai 2026 m\u00f6glich.<\/p>\n<p>Ob Sprechtheater, Tanz oder Performance, Figurenspiel, Zirkus oder Stra\u00dfentheater: licht.blicke ist f\u00fcr die unterschiedlichsten Ideen und Konzepte offen. Im Festival soll ein Querschnitt der verschiedenen \u00c4sthetiken und Formen der internationalen Jugendtheaterlandschaft abgebildet werden. Gesucht werden professionelle Theaterproduktionen f\u00fcr ein junges Publikum zwischen 11 und 18 Jahren, die \u00fcber den Tellerrand hin-ausdenken, innovative Konzepte zeigen und neue Perspektiven vermitteln.<\/p>\n<p><a href=\"https:\/\/www.amateurtheater-ooe.at\/wp-content\/uploads\/2026\/04\/OPEN-CALL-2027-Deutsche-Version.pdf\">N\u00e4here Infos<\/a><\/p>\n","protected":false},"excerpt":{"rendered":"<p>Hier finden Sie Veranstaltungen der anderen Landesverb\u00e4nde, des \u00d6BV oder welche, die wir einfach interessant finden. 2026 Sc\u00e9nick\u00e1 \u017eatva \/ Scenic Harvest 2026 Finals of the 104th year of theatre competitions in Slovakia 26 to 29 August 2026 in Martin, Slovakia Application deadline: 15 May 2026 Festival website: https:\/\/www.scenickazatva.eu\/2026\/en\/ Foreign observers If you want to [&hellip;]<\/p>\n","protected":false},"author":17,"featured_media":0,"parent":202,"menu_order":6,"comment_status":"closed","ping_status":"closed","template":"","meta":{"footnotes":""},"class_list":["post-16939","page","type-page","status-publish","hentry"],"_links":{"self":[{"href":"https:\/\/www.amateurtheater-ooe.at\/index.php?rest_route=\/wp\/v2\/pages\/16939","targetHints":{"allow":["GET"]}}],"collection":[{"href":"https:\/\/www.amateurtheater-ooe.at\/index.php?rest_route=\/wp\/v2\/pages"}],"about":[{"href":"https:\/\/www.amateurtheater-ooe.at\/index.php?rest_route=\/wp\/v2\/types\/page"}],"author":[{"embeddable":true,"href":"https:\/\/www.amateurtheater-ooe.at\/index.php?rest_route=\/wp\/v2\/users\/17"}],"replies":[{"embeddable":true,"href":"https:\/\/www.amateurtheater-ooe.at\/index.php?rest_route=%2Fwp%2Fv2%2Fcomments&post=16939"}],"version-history":[{"count":89,"href":"https:\/\/www.amateurtheater-ooe.at\/index.php?rest_route=\/wp\/v2\/pages\/16939\/revisions"}],"predecessor-version":[{"id":22162,"href":"https:\/\/www.amateurtheater-ooe.at\/index.php?rest_route=\/wp\/v2\/pages\/16939\/revisions\/22162"}],"up":[{"embeddable":true,"href":"https:\/\/www.amateurtheater-ooe.at\/index.php?rest_route=\/wp\/v2\/pages\/202"}],"wp:attachment":[{"href":"https:\/\/www.amateurtheater-ooe.at\/index.php?rest_route=%2Fwp%2Fv2%2Fmedia&parent=16939"}],"curies":[{"name":"wp","href":"https:\/\/api.w.org\/{rel}","templated":true}]}}