{"id":18302,"date":"2024-01-08T11:10:50","date_gmt":"2024-01-08T10:10:50","guid":{"rendered":"http:\/\/www.amateurtheater-ooe.at\/?page_id=18302"},"modified":"2025-07-29T13:50:00","modified_gmt":"2025-07-29T12:50:00","slug":"referentinnenliste","status":"publish","type":"page","link":"https:\/\/www.amateurtheater-ooe.at\/?page_id=18302","title":{"rendered":"Referent*innenliste, Spielberatung, Seminar-Kooperation"},"content":{"rendered":"<p>Die Referent*innenliste des Amateurtheater O\u00d6 stellt Referent*innen vor, die f\u00fcr Spielberatung oder Seminar-Kooperationen kontaktiert werden k\u00f6nnen. Der Austausch und Kontakt mit den Referent*innen erfolgt durch die Theatergruppe selbst. Mehr Informationen zur Spielberatung und zur Theater-Seminar-Kooperation k\u00f6nnen unten nachgelesen werden.<\/p>\n<p><a href=\"https:\/\/www.amateurtheater-ooe.at\/wp-content\/uploads\/2025\/07\/ReferentInnenliste_2025-02.pdf\">Referent*innenliste<\/a><\/p>\n<h1><strong>SPIELBERATUNG<\/strong><\/h1>\n<p>Bei dieser Referentent\u00e4tigkeit handelt es sich um eine allgemeine Spielberatung<br \/>\nim Sinne der Begleitung: \u201cHilfe zur Selbsthilfe\u201d von der St\u00fcckbearbeitung \u00fcber<br \/>\ndie Probenbegleitung bis zur Auff\u00fchrung. Ihr Referentenwunsch wird nach<br \/>\nM\u00f6glichkeit ber\u00fccksichtigt.<\/p>\n<h3><strong>Spielberatung NEU<\/strong><\/h3>\n<p>Wir haben unser Angebot f\u00fcr produktionsbezogene Spielberatung ausgebaut, um noch genauer auf die Bed\u00fcrfnisse der Gruppen eingehen zu k\u00f6nnen:<\/p>\n<p><strong>Strich und Punkt.<\/strong><br \/>\nUnterst\u00fctzung bei der Vorbereitung eines St\u00fcckes. Gemeinsam mit dem Referenten \/ der Referentin wird das St\u00fcck eingestrichen und die Dramaturgie erarbeitet.<\/p>\n<p><strong>Sprechtechnik \u2013 Arbeit am St\u00fccktext<\/strong><br \/>\n\u00dcbungen zur Sprechtechnik und Fehlerkorrektur anhand des St\u00fccktextes<\/p>\n<p><strong>Spielberatung<br \/>\n<\/strong>klassisch und altbew\u00e4hrt: die Unterst\u00fctzung bei der Regiearbeit<\/p>\n<h3>Konditionen<\/h3>\n<p>Das Honorar des Landesverbandes betr\u00e4gt 60 \u20ac pro Arbeitseinheit (\u00e0 60 Min.),<br \/>\nmax. 8 Stunden pro Tag. Davon begleicht der Landesverband<\/p>\n<p>F\u00f6rderungen der Spielberatung durch den Landesverband k\u00f6nnen maximal einmal innerhalb von 3 Jahren in Anspruch genommen werden.<\/p>\n<p><strong>bei Erstberatung:<\/strong>\u00a0(erstmalige Spielberatung)<br \/>\n100% des Honorar f\u00fcr f\u00fcnf Stunden sowie zweimal Fahrtkostenersatz<br \/>\n(0,42 \u20ac \/ Kilometer) und 50% des Honorars f\u00fcr max. zehn weitere Stunden<\/p>\n<p><strong>ab Zweitberatung:<\/strong><br \/>\n50% Honorars f\u00fcr max. f\u00fcnfzehn Stunden<br \/>\nAllf\u00e4llige Fahrtkostenverg\u00fctung ist von der Gruppe zu tragen.<\/p>\n<p>Die Aktion soll zur Verwirklichung von Theatervorhaben beitragen bzw. die Auff\u00fchrungsqualit\u00e4t und damit auch die Freude am Spielen f\u00f6rdern und\/oder helfen, den Gruppen neue Formen des Theaters und der Erarbeitung zu erschlie\u00dfen.<\/p>\n<p><strong>Bedingung:<\/strong><br \/>\nDie Referentent\u00e4tigkeit ist an eine konkrete Produktion gebunden. Der Antrag ist mittels Formblatt im Vorhinein zu stellen. Sobald der\/die Referent\/in feststeht, erfolgt die schriftliche Vereinbarung seitens Amateurtheater Ober\u00f6sterreich (die Summe des Zuschusses obliegt der Entscheidung des Vorstandes!)<\/p>\n<h4><a href=\"https:\/\/www.amateurtheater-ooe.at\/wp-content\/uploads\/2024\/11\/2024-11-Spielberatung.pdf\">Spielberatung Neu<\/a><\/h4>\n<h4><a href=\"https:\/\/www.amateurtheater-ooe.at\/wp-content\/uploads\/2019\/03\/20190314-Spielberatung-Antrag.pdf\">Spielberatung Antrag<\/a><\/h4>\n<h1>Theater-Seminar-Kooperation<\/h1>\n<table style=\"width: 38.9622%;\">\n<tbody>\n<tr>\n<td style=\"width: 100%;\">\n<h4><a href=\"https:\/\/www.amateurtheater-ooe.at\/wp-content\/uploads\/2024\/11\/2024-11_Seminar_Kooperation.pdf\">Theater-Seminar-Kooperation<\/a><\/h4>\n<\/td>\n<\/tr>\n<\/tbody>\n<\/table>\n<p>Die Aktion soll zur Verwirklichung von Theatervorhaben beitragen bzw. die<br \/>\nAuff\u00fchrungsqualit\u00e4t und damit auch die Freude am Spielen f\u00f6rdern und\/oder<br \/>\nhelfen, den Gruppen neue Formen des Theaters und der Erarbeitung zu erschlie\u00dfen.<\/p>\n<p>Das Honorar des Landesverbandes betr\u00e4gt 60 \u20ac pro Arbeitseinheit (\u00e0 60 Min.),<br \/>\nmax. 8 Stunden pro Tag.<\/p>\n<p><strong>Bei einer Seminar-Kooperation begleicht der Landesverband Amateurtheater<br \/>\nO\u00d6 die H\u00e4lfte des Honorars, maximal 15 Stunden pro Kalenderjahr<\/strong>.<br \/>\n(Allf\u00e4lliger Fahrtkostenersatz ist von der Gruppe zu tragen.)<\/p>\n<h3><b>Konditionen<\/b><\/h3>\n<p>Formloser Antrag mit folgenden Angaben ist im Vorhinein zu stellen.<br \/>\nAntrag durch Leiter\/in der jeweiligen Mitgliedsgruppe<br \/>\nSeminarzeitraum<br \/>\nArbeitstitel: Inhalt\/Thema\/Schwerpunkt<br \/>\nReferent\/in samt Kontaktinfo (Name, email, Telefon\u2026)<\/p>\n","protected":false},"excerpt":{"rendered":"<p>Die Referent*innenliste des Amateurtheater O\u00d6 stellt Referent*innen vor, die f\u00fcr Spielberatung oder Seminar-Kooperationen kontaktiert werden k\u00f6nnen. Der Austausch und Kontakt mit den Referent*innen erfolgt durch die Theatergruppe selbst. Mehr Informationen zur Spielberatung und zur Theater-Seminar-Kooperation k\u00f6nnen unten nachgelesen werden. Referent*innenliste SPIELBERATUNG Bei dieser Referentent\u00e4tigkeit handelt es sich um eine allgemeine Spielberatung im Sinne der Begleitung: [&hellip;]<\/p>\n","protected":false},"author":17,"featured_media":0,"parent":218,"menu_order":0,"comment_status":"closed","ping_status":"closed","template":"","meta":{"footnotes":""},"class_list":["post-18302","page","type-page","status-publish","hentry"],"_links":{"self":[{"href":"https:\/\/www.amateurtheater-ooe.at\/index.php?rest_route=\/wp\/v2\/pages\/18302","targetHints":{"allow":["GET"]}}],"collection":[{"href":"https:\/\/www.amateurtheater-ooe.at\/index.php?rest_route=\/wp\/v2\/pages"}],"about":[{"href":"https:\/\/www.amateurtheater-ooe.at\/index.php?rest_route=\/wp\/v2\/types\/page"}],"author":[{"embeddable":true,"href":"https:\/\/www.amateurtheater-ooe.at\/index.php?rest_route=\/wp\/v2\/users\/17"}],"replies":[{"embeddable":true,"href":"https:\/\/www.amateurtheater-ooe.at\/index.php?rest_route=%2Fwp%2Fv2%2Fcomments&post=18302"}],"version-history":[{"count":13,"href":"https:\/\/www.amateurtheater-ooe.at\/index.php?rest_route=\/wp\/v2\/pages\/18302\/revisions"}],"predecessor-version":[{"id":20798,"href":"https:\/\/www.amateurtheater-ooe.at\/index.php?rest_route=\/wp\/v2\/pages\/18302\/revisions\/20798"}],"up":[{"embeddable":true,"href":"https:\/\/www.amateurtheater-ooe.at\/index.php?rest_route=\/wp\/v2\/pages\/218"}],"wp:attachment":[{"href":"https:\/\/www.amateurtheater-ooe.at\/index.php?rest_route=%2Fwp%2Fv2%2Fmedia&parent=18302"}],"curies":[{"name":"wp","href":"https:\/\/api.w.org\/{rel}","templated":true}]}}