{"id":220,"date":"2010-02-28T21:06:24","date_gmt":"2010-02-28T20:06:24","guid":{"rendered":"http:\/\/www.ooe-theaterverband.com\/?page_id=220"},"modified":"2025-01-28T14:12:41","modified_gmt":"2025-01-28T13:12:41","slug":"angebote","status":"publish","type":"page","link":"https:\/\/www.amateurtheater-ooe.at\/?page_id=220","title":{"rendered":"Kost\u00fcmverleih"},"content":{"rendered":"<p><strong>Generell r\u00e4t der Landesverband, zuerst bei\u00a0Kollegen\/Kolleginnen nachzufragen. Befreundete Theatergruppen helfen sich immer gerne!<\/strong><\/p>\n<p>&nbsp;<\/p>\n<p><strong>Kost\u00fcmverleih Nikola in Aigen<\/strong><br \/>\nFasching- und Theaterkost\u00fcme-Verleih<br \/>\nKrumauer Stra\u00dfe 1\u00a0 in\u00a04160 Aigen (im M\u00fchlkreis)<br \/>\n07281 8004 bzw. 0664 4111144<br \/>\n<a href=\"http:\/\/www.kostuemverleih.at\/\">http:\/\/www.kostuemverleih.at<\/a><\/p>\n<p><strong>Kost\u00fcmverleih Gmunden<\/strong><br \/>\nFrau Helga Eglseder<br \/>\nBadgasse 12 in 4810\u00a0Gmunden<br \/>\n0676 6038490<br \/>\n<a href=\"http:\/\/www.kostuem-verleih-gmunden.at\/\">http:\/\/www.kostuem-verleih-gmunden.at<\/a><\/p>\n<p><strong>Gerti`s Kost\u00fcmverleih<br \/>\n<\/strong>Gertrud Murauer<br \/>\nLahof 17 in 4710 Tollet (bei Grieskirchen)<br \/>\n07248 64149<br \/>\n<a href=\"http:\/\/www.gertis-kostueme.at\">http:\/\/www.gertis-kostueme.at<\/a><\/p>\n<p><strong>Kost\u00fcmverleih Windner GmbH<\/strong><br \/>\n1. Linzer Kost\u00fcmwerkst\u00e4tte<br \/>\nHauptplatz 15 in 4020\u00a0Linz<br \/>\n0732 78 45 40<br \/>\n<a href=\"http:\/\/www.costueme.at\/\">http:\/\/www.costueme.at<br \/>\n<\/a><strong><br \/>\nKost\u00fcmverleih Ridia <\/strong>Stein Gmb &amp; Co KG<br \/>\nleider geschlossen!<\/p>\n<p><strong>Kost\u00fcmverleih J. Vogl<\/strong><br \/>\nauch Historienkost\u00fcme<br \/>\n35 Km von Braunau bei Pfarrkirchen in Bayern<br \/>\nMitterhof 16 in D-84307\u00a0Eggenfelden<br \/>\n0049(0)8721 911 026<br \/>\n<a href=\"http:\/\/www.kostuemverleih-vogl.de\/\">http:\/\/www.kostuemverleih-vogl.de<\/a><\/p>\n<p><strong>Billig KOST\u00dcME kaufen bei:<br \/>\n<\/strong><a href=\"http:\/\/www.maskworld.com\/\">http:\/\/www.maskworld.com\/<\/a><\/p>\n<p><strong>Uniform-Museum<\/strong><br \/>\nLohnsburg am Kobernau\u00dferwald, privatmuseum(at)gmx.at<br \/>\n<a href=\"https:\/\/de-de.facebook.com\/Privatmuseum\">https:\/\/de-de.facebook.com\/Privatmuseum<\/a><\/p>\n<p>&nbsp;<\/p>\n<p><strong>FUNDUS LANDESTHEATER <\/strong><\/p>\n<p><strong><a href=\"https:\/\/www.amateurtheater-ooe.at\/wp-content\/uploads\/2025\/01\/Verleih-Richtlinien.pdf\">Kostuem_Verleih_Richtlinien 2025<\/a><br \/>\n<\/strong><br \/>\nLandestheater Linz:<br \/>\n<strong>Modalit\u00e4ten f\u00fcr den Verleih von Fundusgegenst\u00e4nden<\/strong><\/p>\n<p>Was wir verleihen:<br \/>\nKost\u00fcmteile, von denen man annehmen kann, dass sie von den Beteiligten nicht aufzutreiben sind.<br \/>\nWir weisen ausdr\u00fccklich darauf hin, dass wir nur erg\u00e4nzend behilflich sein k\u00f6nnen und keine Ausstattungen \u00fcbernehmen k\u00f6nnen, die sich haupts\u00e4chlich auf Leihkost\u00fcme aus unserem Fundus beziehen.<\/p>\n<p>Wir verleihen an:<br \/>\n\u2022 Laienspielgruppen<br \/>\n\u2022 Schulen f\u00fcr Schulauff\u00fchrungen theatralischer Art<br \/>\n\u2022 \u00f6sterreichische L\u00e4nderb\u00fchnen und Stadttheater<\/p>\n<p>Wir verleihen nicht an:<br \/>\n\u2022 Privatpersonen<br \/>\n\u2022 f\u00fcr Balleinlagen, Sch\u00fclerb\u00e4lle, Faschingsveranstaltungen jeglicher Art<br \/>\n\u2022 Laienb\u00fchnen au\u00dferhalb von Ober\u00f6sterreich<br \/>\n\u2022 Theater au\u00dferhalb von \u00d6sterreich<br \/>\n\u2022 Sommertheater au\u00dferhalb von Ober\u00f6sterreich<br \/>\n\u2022 f\u00fcr diverse Umz\u00fcge, Jubil\u00e4umsveranstaltungen, Stadterhebungen usw.<\/p>\n<p>Was wir nicht verleihen:<br \/>\n\u2022 Schuhe, Kopfbedeckungen, Leibw\u00e4sche, F\u00e4cher und sonstige Accessoires, Orden, Waffen, R\u00fcstungsteile, Schmuck, Per\u00fccken<br \/>\n\u2022 neuwertige Kost\u00fcmteile<br \/>\n\u2022 Kost\u00fcmteile, bei denen wir der Meinungen sind, dass sie in n\u00e4chster Zeit von uns in eigenen Produktionen gebraucht werden k\u00f6nnten oder die wegen ihren Alters und Wertes nicht zus\u00e4tzlich strapaziert werden d\u00fcrfen.<\/p>\n<p>Leihbedingungen und Konditionen:<br \/>\nDas Ansuchen muss 3 Monate vor der Premiere gestellt werden.<br \/>\nDem Ansuchen sind folgende Angaben beizulegen:<br \/>\n1. Art der Veranstaltung<br \/>\n2. detaillierte Kost\u00fcmliste \u00fcber Art und Anzahl der ben\u00f6tigten Kost\u00fcme inklusive Gr\u00f6\u00dfen- und Farbangaben<br \/>\n3. Figurinen und\/oder Bildmaterial<br \/>\n4. Rechnungsadresse inklusive Name der\/des AnsprechpartnerIn, Telefonnummer, E-Mail- Adresse<\/p>\n<p>Die Fundusleitung beh\u00e4lt sich vor, die Anzahl der Kost\u00fcme, die entliehen werden k\u00f6nnen, zu limitieren.<\/p>\n<p>Vorgangsweise:<br \/>\nDie Kost\u00fcmteile werden anhand der Liste und des Bildmaterials vom Funduspersonal bereitgestellt und k\u00f6nnen 2 Wochen vor der Premiere abgeholt werden.<\/p>\n<p>1. Dieser Termin muss zumindest 2 Wochen im Voraus vereinbart werden.<br \/>\n2. Es k\u00f6nnen maximal 2-3 Personen (Kost\u00fcmbildnerIn, AssistentIn, RegisseurIn) zum Abholen der Kost\u00fcme in den Fundus kommen.<br \/>\n3. Die Anprobe der Kost\u00fcme kann nicht vor Ort stattfinden.<br \/>\n4. Die Kost\u00fcme k\u00f6nnen zur Anprobe mitgenommen werden.<br \/>\n5. Kost\u00fcme, die nicht verwendet werden, m\u00fcssen 1 Woche nach der Entlehnung in dem Zustand, in dem sie entliehen wurden, zur\u00fcckgebracht werden, sonst f\u00e4llt auch f\u00fcr diese die gesamte Leihgeb\u00fchr an.<br \/>\n6. Die Kost\u00fcme d\u00fcrfen nicht ver\u00e4ndert werden.<br \/>\n7. Die entlehnten Kost\u00fcme d\u00fcrfen nicht als Probenkost\u00fcm verwendet werden, sondern nur im Rahmen der Endproben und Auff\u00fchrungen<br \/>\ngetragen werden.<\/p>\n<p>Zum Transport der Kost\u00fcme m\u00fcssen geeignete Taschen oder Kleiders\u00e4cke selbst mitgebracht werden.<\/p>\n<p>Kosten und Leihgeb\u00fchren:<br \/>\nDas Theater stellt f\u00fcr jede angefangene Arbeitsstunde Bearbeitungskosten in der H\u00f6he von \u20ac 25,- zuz\u00fcglich 10% USt in Rechnung.<\/p>\n<p>Nach der letzten Vorstellung sind die Kost\u00fcmteile umgehend zu retournieren. Bei Termin\u00fcberziehung wird pro Woche eine Geb\u00fchr von mindestens \u20ac 40,- berechnet.<\/p>\n<p>Unsere Kost\u00fcme sind alle chemisch rein. Daher m\u00fcssen sie anschlie\u00dfend von uns wieder einer chemischen Reinigung unterzogen werden.<br \/>\nDie Leihgeb\u00fchr (lt. Aushang) wird dann direkt in Rechnung gestellt.<\/p>\n<p>ACHTUNG: Die Kost\u00fcme d\u00fcrfen nicht selbst gereinigt werden!<\/p>\n<p>Sonstiges:<br \/>\nWir behalten uns vor, Kost\u00fcme bei Eigenbedarf vorzeitig zur\u00fcckzufordern.<\/p>\n<p>Verloren gegangene oder besch\u00e4digte Kost\u00fcme m\u00fcssen ersetzt werden, ansonsten werden Sie von uns in Rechnung gestellt.<\/p>\n<p>Die kaufm\u00e4nnische Direktion<\/p>\n<p>&nbsp;<\/p>\n","protected":false},"excerpt":{"rendered":"<p>Generell r\u00e4t der Landesverband, zuerst bei\u00a0Kollegen\/Kolleginnen nachzufragen. Befreundete Theatergruppen helfen sich immer gerne! &nbsp; Kost\u00fcmverleih Nikola in Aigen Fasching- und Theaterkost\u00fcme-Verleih Krumauer Stra\u00dfe 1\u00a0 in\u00a04160 Aigen (im M\u00fchlkreis) 07281 8004 bzw. 0664 4111144 http:\/\/www.kostuemverleih.at Kost\u00fcmverleih Gmunden Frau Helga Eglseder Badgasse 12 in 4810\u00a0Gmunden 0676 6038490 http:\/\/www.kostuem-verleih-gmunden.at Gerti`s Kost\u00fcmverleih Gertrud Murauer Lahof 17 in 4710 Tollet [&hellip;]<\/p>\n","protected":false},"author":1,"featured_media":0,"parent":218,"menu_order":4,"comment_status":"open","ping_status":"closed","template":"","meta":{"footnotes":""},"class_list":["post-220","page","type-page","status-publish","hentry"],"_links":{"self":[{"href":"https:\/\/www.amateurtheater-ooe.at\/index.php?rest_route=\/wp\/v2\/pages\/220","targetHints":{"allow":["GET"]}}],"collection":[{"href":"https:\/\/www.amateurtheater-ooe.at\/index.php?rest_route=\/wp\/v2\/pages"}],"about":[{"href":"https:\/\/www.amateurtheater-ooe.at\/index.php?rest_route=\/wp\/v2\/types\/page"}],"author":[{"embeddable":true,"href":"https:\/\/www.amateurtheater-ooe.at\/index.php?rest_route=\/wp\/v2\/users\/1"}],"replies":[{"embeddable":true,"href":"https:\/\/www.amateurtheater-ooe.at\/index.php?rest_route=%2Fwp%2Fv2%2Fcomments&post=220"}],"version-history":[{"count":39,"href":"https:\/\/www.amateurtheater-ooe.at\/index.php?rest_route=\/wp\/v2\/pages\/220\/revisions"}],"predecessor-version":[{"id":20029,"href":"https:\/\/www.amateurtheater-ooe.at\/index.php?rest_route=\/wp\/v2\/pages\/220\/revisions\/20029"}],"up":[{"embeddable":true,"href":"https:\/\/www.amateurtheater-ooe.at\/index.php?rest_route=\/wp\/v2\/pages\/218"}],"wp:attachment":[{"href":"https:\/\/www.amateurtheater-ooe.at\/index.php?rest_route=%2Fwp%2Fv2%2Fmedia&parent=220"}],"curies":[{"name":"wp","href":"https:\/\/api.w.org\/{rel}","templated":true}]}}