{"id":334,"date":"2010-04-04T21:41:43","date_gmt":"2010-04-04T20:41:43","guid":{"rendered":"http:\/\/www.ooe-theaterverband.com\/?page_id=334"},"modified":"2023-12-13T12:47:32","modified_gmt":"2023-12-13T11:47:32","slug":"leitbild","status":"publish","type":"page","link":"https:\/\/www.amateurtheater-ooe.at\/?page_id=334","title":{"rendered":"Leitbild"},"content":{"rendered":"<h3><\/h3>\n<table style=\"border-collapse: collapse; width: 100%; height: 1748px;\">\n<tbody>\n<tr style=\"height: 65px;\">\n<td style=\"width: 1.77777%; height: 65px;\"><\/td>\n<td style=\"width: 98.2223%; height: 65px;\">\n<h3>AMATEURTHEATER OBER\u00d6STERREICH<\/h3>\n<\/td>\n<\/tr>\n<tr style=\"height: 47px;\">\n<td style=\"width: 1.77777%; height: 47px;\"><\/td>\n<td style=\"width: 98.2223%; height: 47px;\">Theater ist der seligste Schlupfwinkel f\u00fcr diejenigen, die ihre Kindheit heimlich in die Tasche gesteckt und sich damit auf und davon gemacht haben, um bis an ihr Lebensende weiterzuspielen. (Max Reinhardt)<\/td>\n<\/tr>\n<tr style=\"height: 23px;\">\n<td style=\"width: 1.77777%; height: 23px;\"><\/td>\n<td style=\"width: 98.2223%; height: 23px;\"><\/td>\n<\/tr>\n<tr style=\"height: 65px;\">\n<td style=\"width: 1.77777%; height: 65px;\"><\/td>\n<td style=\"width: 98.2223%; height: 65px;\">\n<h3>Ein Wegweiser&#8230;<\/h3>\n<\/td>\n<\/tr>\n<tr style=\"height: 143px;\">\n<td style=\"width: 1.77777%; height: 143px;\"><\/td>\n<td style=\"width: 98.2223%; height: 143px;\">\u201eAmateurtheater Ober\u00f6sterreich\u201c umfasst derzeit etwa 240 Mitgliedsgruppen &#8211; eine gro\u00dfe Theaterfamilie.\u00a0Durch gute, freundschaftliche Zusammenarbeit wollen wir die Freude am Theaterspiel f\u00f6rdern, Unm\u00f6gliches denkbar und Denkbares m\u00f6glich machen.<br \/>\nMit unseren Serviceleistungen m\u00f6chten wir den Theatergruppen Mut machen, \u00fcber das Allt\u00e4gliche hinauszuwachsen.<br \/>\nTheater spielen ist, aus dem Reichtum und der Vielfalt des Lebens sch\u00f6pfen. Unsere Aufgabe ist es, diesen Reichtum und diese Vielfalt anzubieten, um Theaterproduktionen noch erfolgreicher und Theaterspielen noch lustvoller zu machen.<\/td>\n<\/tr>\n<tr style=\"height: 23px;\">\n<td style=\"width: 1.77777%; height: 23px;\"><\/td>\n<td style=\"width: 98.2223%; text-align: right; height: 23px;\">\n<h3><strong> \u00a0&#8230;mit Rat und Tat<\/strong><\/h3>\n<\/td>\n<\/tr>\n<tr style=\"height: 23px;\">\n<td style=\"width: 1.77777%; height: 23px;\"><\/td>\n<td style=\"width: 98.2223%; height: 23px;\"><\/td>\n<\/tr>\n<tr style=\"height: 65px;\">\n<td style=\"width: 1.77777%; height: 65px;\"><\/td>\n<td style=\"width: 98.2223%; height: 65px;\">\n<h3>Kommunikation verbindet \u2013 nach innen wie nach au\u00dfen<\/h3>\n<\/td>\n<\/tr>\n<tr style=\"height: 143px;\">\n<td style=\"width: 1.77777%; height: 143px;\"><\/td>\n<td style=\"width: 98.2223%; height: 143px;\">Aus- und Weiterbildung, aktuelle Produktionen, Veranstaltungen und Festivals, neue, interessante St\u00fccke, verschiedene Schauspiel- und Regiemethoden, Maske, Schminken, Ton, Technik, B\u00fchnenbild: \u00dcber all das und noch viel mehr, wollen wir unsere Mitglieder informieren. Um einen bestm\u00f6glichen Informationstransfer zu garantieren, setzen wir, alle zur Verf\u00fcgung stehenden Medien ein, die wir laufend aktualisieren und verbessern.<br \/>\nMit Zeitung, Postkarten, Homepage, Newsletter, e-mail,&#8230; haben die Theatergruppen leichtes Spiel auf dem Laufenden zu bleiben.<\/td>\n<\/tr>\n<tr style=\"height: 23px;\">\n<td style=\"width: 1.77777%; height: 23px;\"><\/td>\n<td style=\"width: 98.2223%; text-align: right; height: 23px;\"><strong> \u00a0&#8230;Impulse f\u00fcr ein Netzwerk<\/strong><\/td>\n<\/tr>\n<tr style=\"height: 23px;\">\n<td style=\"width: 1.77777%; height: 23px;\"><\/td>\n<td style=\"width: 98.2223%; height: 23px;\"><\/td>\n<\/tr>\n<tr style=\"height: 65px;\">\n<td style=\"width: 1.77777%; height: 65px;\"><\/td>\n<td style=\"width: 98.2223%; height: 65px;\">\n<h3>Raum f\u00fcr Alles \u2013 Platz f\u00fcr Jeden<\/h3>\n<\/td>\n<\/tr>\n<tr style=\"height: 239px;\">\n<td style=\"width: 1.77777%; height: 239px;\"><\/td>\n<td style=\"width: 98.2223%; height: 239px;\">Im Theater werden Visionen zu Realit\u00e4t, Tr\u00e4ume zu Wirklichkeit.\u00a0Der Phantasie sind keine Grenzen gesetzt, vorausgesetzt, man hat das n\u00f6tige \u201eKnow-how\u201c.<br \/>\nUm es unseren Mitgliedsgruppen zu erleichtern, sich dieses zu erwerben, organisieren und veranstalten wir Aus- und Weiterbildungsseminare im Bereich Schauspielarbeit und B\u00fchnentechnik. Wir bieten Spielberatung und Unterst\u00fctzung f\u00fcr die Produktionen unserer Theatergruppen.<br \/>\nUnser Ziel ist die Vielfalt.\u00a0Deshalb besteht unser Verband aus verschiedenen Sektionen: Senioren-, Figuren-, Kabarett-, Improvisations- und Jugendtheater sowie Theater f\u00fcr Menschen mit besonderen Bed\u00fcrfnissen. F\u00fcr jede dieser Sektionen gibt es ein eigenes Referat und spezielle Angebote.<br \/>\nGewusst wie, l\u00e4sst sich vieles leichter verwirklichen. Aus diesem Grund sehen wir es als eine unserer wichtigsten Aufgaben, diese M\u00f6glichkeiten anzubieten.<\/td>\n<\/tr>\n<tr style=\"height: 23px;\">\n<td style=\"width: 1.77777%; height: 23px;\"><\/td>\n<td style=\"width: 98.2223%; text-align: right; height: 23px;\"><strong> &#8230;im Mittelpunkt steht der Mensch<\/strong><\/td>\n<\/tr>\n<tr style=\"height: 23px;\">\n<td style=\"width: 1.77777%; height: 23px;\"><\/td>\n<td style=\"width: 98.2223%; height: 23px;\"><\/td>\n<\/tr>\n<tr style=\"height: 65px;\">\n<td style=\"width: 1.77777%; height: 65px;\"><\/td>\n<td style=\"width: 98.2223%; height: 65px;\">\n<h3>Bindungen &#8211; Verbindungen<\/h3>\n<\/td>\n<\/tr>\n<tr style=\"height: 167px;\">\n<td style=\"width: 1.77777%; height: 167px;\"><\/td>\n<td style=\"width: 98.2223%; height: 167px;\">Die eigene Freude am Spiel mit anderen teilen, das Publikum in eine andere Welt entf\u00fchren und begeistern &#8211; danach streben SchauspielerInnen. Deshalb, aber auch um Erfahrungen auszutauschen, organisieren wir Theaterfestivals (Focus, Spectaculum) und unterst\u00fctzen Treffen zu Theaterstammtischen. Wir wollen den Kontakt der einzelnen Theatergruppen untereinander herstellen, verbessern und gute Beziehungen zueinander schaffen. Dar\u00fcber hinaus pflegen wir den Kontakt zu anderen Theaterorganisationen, wie den \u00f6sterreichischen Landesverb\u00e4nden, den ober\u00f6sterreichischen Profib\u00fchnen, der freien Theaterszene und zu Kulturplattformen, um die Pr\u00e4senz und das Ansehen des Amateurtheaters in der \u00d6ffentlichkeit zu verbessern:<\/td>\n<\/tr>\n<tr style=\"height: 65px;\">\n<td style=\"width: 1.77777%; height: 65px;\"><\/td>\n<td style=\"width: 98.2223%; height: 65px;\">\n<h3 style=\"text-align: right;\"><strong>\u00a0 \u00a0 \u00a0&#8230;unser Bild in der \u00d6ffentlichkeit<\/strong><\/h3>\n<\/td>\n<\/tr>\n<tr style=\"height: 23px;\">\n<td style=\"width: 1.77777%; height: 23px;\"><\/td>\n<td style=\"width: 98.2223%; height: 23px;\"><\/td>\n<\/tr>\n<tr style=\"height: 65px;\">\n<td style=\"width: 1.77777%; height: 65px;\"><\/td>\n<td style=\"width: 98.2223%; height: 65px;\">\n<h3>\u00a0Das bieten wir:<\/h3>\n<\/td>\n<\/tr>\n<tr style=\"height: 23px;\">\n<td style=\"width: 1.77777%; height: 23px;\">+<\/td>\n<td style=\"width: 98.2223%; height: 23px;\">Durchf\u00fchrung und\/oder F\u00f6rderung von Fortbildungsveranstaltungen (Kurse, Seminare, Workshops)<\/td>\n<\/tr>\n<tr style=\"height: 23px;\">\n<td style=\"width: 1.77777%; height: 23px;\">+<\/td>\n<td style=\"width: 98.2223%; height: 23px;\">Vermittlung von Fachreferentinnen und Fachreferenten<\/td>\n<\/tr>\n<tr style=\"height: 47px;\">\n<td style=\"width: 1.77777%; height: 47px;\">+<\/td>\n<td style=\"width: 98.2223%; height: 47px;\">Unterst\u00fctzung und Vernetzung der \u00d6ffentlichkeitsarbeit: Internetauftritt, Adressenaustausch unter den Mitgliedsgruppen,\u00a0 \u00a0Theaterzeitung &#8222;im blick.punkt&#8220;, Medienkontakte<\/td>\n<\/tr>\n<tr style=\"height: 23px;\">\n<td style=\"width: 1.77777%; height: 23px;\">+<\/td>\n<td style=\"width: 98.2223%; height: 23px;\">Angebot einer Gruppenhaftpflichtversicherung.<\/td>\n<\/tr>\n<tr style=\"height: 23px;\">\n<td style=\"width: 1.77777%; height: 23px;\">+<\/td>\n<td style=\"width: 98.2223%; height: 23px;\">Beratung bei der Erarbeitung eines St\u00fcckes (produktionsbezogene Spielberatung)<\/td>\n<\/tr>\n<tr style=\"height: 23px;\">\n<td style=\"width: 1.77777%; height: 23px;\">+<\/td>\n<td style=\"width: 98.2223%; height: 23px;\">Initiative und Begleitung von Spielgruppentreffen zum Erfahrungsaustausch<\/td>\n<\/tr>\n<tr style=\"height: 23px;\">\n<td style=\"width: 1.77777%; height: 23px;\">+<\/td>\n<td style=\"width: 98.2223%; height: 23px;\">Organisation und Unterst\u00fctzung bei regionalen und \u00f6sterreichweiten Theaterfestvials und Theaterprojekten<\/td>\n<\/tr>\n<tr style=\"height: 23px;\">\n<td style=\"width: 1.77777%; height: 23px;\">+<\/td>\n<td style=\"width: 98.2223%; height: 23px;\">Kontaktpflege mit Firmen, Beh\u00f6rden und Berufsb\u00fchnen, um Angebote wechselseitig zu n\u00fctzen<\/td>\n<\/tr>\n<tr style=\"height: 23px;\">\n<td style=\"width: 1.77777%; height: 23px;\">+<\/td>\n<td style=\"width: 98.2223%; height: 23px;\">Ehrung verdienter Theaterschaffender<\/td>\n<\/tr>\n<tr style=\"height: 23px;\">\n<td style=\"width: 1.77777%; height: 23px;\"><\/td>\n<td style=\"width: 98.2223%; height: 23px;\"><\/td>\n<\/tr>\n<tr style=\"height: 23px;\">\n<td style=\"width: 1.77777%; height: 23px;\"><\/td>\n<td style=\"width: 98.2223%; height: 23px;\"><strong>THEATERLUST BEKOMMEN? KONTAKTE KN\u00dcPFEN, INFO BESTELLEN:<\/strong><\/td>\n<\/tr>\n<tr style=\"height: 23px;\">\n<td style=\"width: 1.77777%; height: 23px;\"><\/td>\n<td style=\"width: 98.2223%; height: 23px;\"><\/td>\n<\/tr>\n<tr style=\"height: 47px;\">\n<td style=\"width: 1.77777%; height: 47px;\"><\/td>\n<td style=\"width: 98.2223%; height: 47px;\">Amateurtheater Ober\u00f6sterreich, 4020 Linz, Promende 37, www.amateurtheater-ooe.at<br \/>\n<a href=\"mailto:office@amateurtheater-ooe.at\">office@amateurtheater-ooe.at<\/a>; Telefon 0664 7383 1692<\/td>\n<\/tr>\n<tr style=\"height: 23px;\">\n<td style=\"width: 1.77777%; height: 23px;\"><\/td>\n<td style=\"width: 98.2223%; height: 23px;\"><a href=\"https:\/\/www.amateurtheater-ooe.at\/wp-content\/uploads\/2021\/06\/Amateurtheater-OOE-Leitbild-2019.pdf\">Leitbild Amateurtheater Ober\u00f6sterreich<\/a><\/td>\n<\/tr>\n<\/tbody>\n<\/table>\n<p><strong>\u00a0 \u00a0 \u00a0 \u00a0 \u00a0 \u00a0 \u00a0 \u00a0 \u00a0 \u00a0 \u00a0 \u00a0 \u00a0 \u00a0 \u00a0 \u00a0 \u00a0 \u00a0 \u00a0 \u00a0 \u00a0 \u00a0 \u00a0 \u00a0 \u00a0 \u00a0 \u00a0 \u00a0 \u00a0 \u00a0 \u00a0 \u00a0 \u00a0 \u00a0 \u00a0 \u00a0 \u00a0 \u00a0 \u00a0 \u00a0 \u00a0 \u00a0 \u00a0 \u00a0 \u00a0 \u00a0 \u00a0 \u00a0 \u00a0 \u00a0 \u00a0 \u00a0 \u00a0 \u00a0 \u00a0 \u00a0 \u00a0 \u00a0 \u00a0 \u00a0 \u00a0 \u00a0 \u00a0 \u00a0 \u00a0 \u00a0 \u00a0 \u00a0 \u00a0 \u00a0 \u00a0 \u00a0 \u00a0 \u00a0 \u00a0 \u00a0 \u00a0 \u00a0 \u00a0 \u00a0 \u00a0 \u00a0 \u00a0 \u00a0 \u00a0 \u00a0 \u00a0 \u00a0\u00a0<\/strong><\/p>\n<p>&nbsp;<\/p>\n<p>&nbsp;<\/p>\n","protected":false},"excerpt":{"rendered":"<p>AMATEURTHEATER OBER\u00d6STERREICH Theater ist der seligste Schlupfwinkel f\u00fcr diejenigen, die ihre Kindheit heimlich in die Tasche gesteckt und sich damit auf und davon gemacht haben, um bis an ihr Lebensende weiterzuspielen. (Max Reinhardt) Ein Wegweiser&#8230; \u201eAmateurtheater Ober\u00f6sterreich\u201c umfasst derzeit etwa 240 Mitgliedsgruppen &#8211; eine gro\u00dfe Theaterfamilie.\u00a0Durch gute, freundschaftliche Zusammenarbeit wollen wir die Freude am Theaterspiel [&hellip;]<\/p>\n","protected":false},"author":1,"featured_media":0,"parent":210,"menu_order":1,"comment_status":"open","ping_status":"closed","template":"","meta":{"footnotes":""},"class_list":["post-334","page","type-page","status-publish","hentry"],"_links":{"self":[{"href":"https:\/\/www.amateurtheater-ooe.at\/index.php?rest_route=\/wp\/v2\/pages\/334","targetHints":{"allow":["GET"]}}],"collection":[{"href":"https:\/\/www.amateurtheater-ooe.at\/index.php?rest_route=\/wp\/v2\/pages"}],"about":[{"href":"https:\/\/www.amateurtheater-ooe.at\/index.php?rest_route=\/wp\/v2\/types\/page"}],"author":[{"embeddable":true,"href":"https:\/\/www.amateurtheater-ooe.at\/index.php?rest_route=\/wp\/v2\/users\/1"}],"replies":[{"embeddable":true,"href":"https:\/\/www.amateurtheater-ooe.at\/index.php?rest_route=%2Fwp%2Fv2%2Fcomments&post=334"}],"version-history":[{"count":18,"href":"https:\/\/www.amateurtheater-ooe.at\/index.php?rest_route=\/wp\/v2\/pages\/334\/revisions"}],"predecessor-version":[{"id":20244,"href":"https:\/\/www.amateurtheater-ooe.at\/index.php?rest_route=\/wp\/v2\/pages\/334\/revisions\/20244"}],"up":[{"embeddable":true,"href":"https:\/\/www.amateurtheater-ooe.at\/index.php?rest_route=\/wp\/v2\/pages\/210"}],"wp:attachment":[{"href":"https:\/\/www.amateurtheater-ooe.at\/index.php?rest_route=%2Fwp%2Fv2%2Fmedia&parent=334"}],"curies":[{"name":"wp","href":"https:\/\/api.w.org\/{rel}","templated":true}]}}