{"id":365,"date":"2010-05-16T18:14:10","date_gmt":"2010-05-16T17:14:10","guid":{"rendered":"http:\/\/www.ooe-theaterverband.com\/?page_id=365"},"modified":"2026-01-15T11:48:34","modified_gmt":"2026-01-15T10:48:34","slug":"mitgliedschaft","status":"publish","type":"page","link":"https:\/\/www.amateurtheater-ooe.at\/?page_id=365","title":{"rendered":"Mitgliedschaft"},"content":{"rendered":"<p><strong>Jahres-Mitgliedsbeitrag NEU<\/strong><br \/>\nseit J\u00e4nner 2026<\/p>\n<h3>\u00dcbersicht<\/h3>\n<p>60 \u20ac &#8211; Theatergruppen<\/p>\n<p><span style=\"text-decoration: underline;\">45 \u20ac &#8211; AKM-Pauschale (freiwillig)<\/span> &#8211; ab 2026 erh\u00f6ht infolge von Indexanpassungen.<\/p>\n<p>25 \u20ac &#8211; Einzelmitgliedschaften<\/p>\n<p><a href=\"https:\/\/www.amateurtheater-ooe.at\/wp-content\/uploads\/2023\/11\/Beitrittserklaerung.pdf\">Formular: Beitrittserkl\u00e4rung<\/a><\/p>\n<p><a href=\"https:\/\/www.amateurtheater-ooe.at\/wp-content\/uploads\/2024\/12\/Leitungsaenderung_neu-2024.pdf\">Formular: Leitungs\u00e4nderung<\/a><\/p>\n<h1>Theatergruppen<\/h1>\n<p>60 \u20ac Gruppen aller Sparten des darstellenden Spiels<br \/>\n(z.B. Amateurtheater, Figurentheater, Kabarett&#8230;)<\/p>\n<p>kein Mitgliedsbeitrag f\u00fcr Schulspielgruppen und f\u00fcr im Einzelfall vom Vorstand festzulegende Sondergruppierungen, wie Kindergruppen<\/p>\n<h3>AKM-Vereinbarung<\/h3>\n<p>Dem Landesverband O\u00d6 ist es gelungen, eine Pauschalvereinbarung bez\u00fcglich AKM-Abgabe auszuhandeln, die f\u00fcr alle unsere Mitglieder \u2013 Gruppen und Einzelmitglieder \u2013 die M\u00f6glichkeit bietet, durch eine einmalige j\u00e4hrliche Zahlung (Pauschale) s\u00e4mtliche im jeweiligen Jahr anfallenden AKM-Abgaben abzugelten.<\/p>\n<p>Was wird damit abgegolten?<\/p>\n<p>Die AKM-Abgabe f\u00fcr Einlagenmusik oder Zwischenaktmusik (CD, MP3 sowie sonstige Tontr\u00e4ger) im Verlauf der B\u00fchnenhandlung. Unter Einlagenmusik versteht man Musikdarbietungen, die im Verlauf der B\u00fchnenhandlung stattfinden. Unter Zwischenaktmusik versteht man Musikdarbietungen, die vor Beginn, in den Pausen zw. Nach Ende eines B\u00fchnenwerkes zur Auff\u00fchrung gelangen. Nicht unter die Pauschale fallen Musikbeitr\u00e4ge im Rahmen von Faschingssitzungen, Lesungen, Konzerten o.\u00e4. Diese sind gesondert anzumelden.<\/p>\n<p><strong>Wie hoch ist die Pauschale?<\/strong><\/p>\n<p>Die j\u00e4hrliche Pauschale betr\u00e4gt \u20ac 45 Es gibt keine automatische Verl\u00e4ngerung. Wird in einem Jahr kein Beitrag bezahlt, so kann man in diesem Jahr diese Pauschalabgeltung nicht in Anspruch nehmen. Es ist aber problemlos m\u00f6glich, im n\u00e4chsten Jahr wieder einzusteigen. Die Einzahlung des Pauschalbetrags reicht aus, es gibt also kein aufw\u00e4ndiges An- und Abmelden.<\/p>\n<p><strong>Wie erf\u00e4hrt die AKM, dass meine Gruppe (bzw. ich als Einzelmitglied) unter diese Pauschalregelung f\u00e4llt?<\/strong><\/p>\n<p>Der Landesverband meldet j\u00e4hrlich die Mitglieder, die von dieser Pauschalregelung profitieren m\u00f6chten und den j\u00e4hrlichen Pauschalbetrag einbezahlt haben.<\/p>\n<p>Im Rahmen dieses Angebotes haben wir auch den Termin f\u00fcr die Einzahlung des Mitgliedsbeitrags sowie die H\u00f6he des Mitgliedsbeitrags angepasst.<\/p>\n<p>Alle Gruppen (bzw. Einzelmitglieder), die bis zum 31. M\u00e4rz des betreffenden Jahres den Betrag von \u20ac 105,&#8211; (AKM Pauschale \u20ac 45,&#8211; plus Mitgliedsbeitrag \u20ac 60,&#8211;) einbezahlt haben, werden von uns an die AKM gemeldet und brauchen sich f\u00fcr dieses Jahr keine Sorgen mehr um die AKM-Abgabe zu machen.<\/p>\n<h1>Einzelmitgliedschaft<\/h1>\n<p>25 \u20ac Mitgliedsbeitrag f\u00fcr Einzelpersonen<\/p>\n<p>Spenden, Unkostenbeitr\u00e4ge&#8230; von f\u00f6rdernden Interessenten<\/p>\n<p>Ihr besonderer Nutzen: Sie werden \u00fcber aktuelle Angebote auf dem Laufenden gehalten und umfassend informiert. Sie erhalten die Zeitschrift &#8222;im blick.punkt&#8220;.<\/p>\n<h1>Abwicklung Mitgliedsbeitrag<\/h1>\n<div class=\"x_elementToProof\">Amateurtheater Ober\u00f6sterreich<\/div>\n<div class=\"x_elementToProof\">IBAN: AT78 1860 0000 1451 2180<\/div>\n<p>&nbsp;<\/p>\n","protected":false},"excerpt":{"rendered":"<p>Jahres-Mitgliedsbeitrag NEU seit J\u00e4nner 2026 \u00dcbersicht 60 \u20ac &#8211; Theatergruppen 45 \u20ac &#8211; AKM-Pauschale (freiwillig) &#8211; ab 2026 erh\u00f6ht infolge von Indexanpassungen. 25 \u20ac &#8211; Einzelmitgliedschaften Formular: Beitrittserkl\u00e4rung Formular: Leitungs\u00e4nderung Theatergruppen 60 \u20ac Gruppen aller Sparten des darstellenden Spiels (z.B. Amateurtheater, Figurentheater, Kabarett&#8230;) kein Mitgliedsbeitrag f\u00fcr Schulspielgruppen und f\u00fcr im Einzelfall vom Vorstand festzulegende Sondergruppierungen, [&hellip;]<\/p>\n","protected":false},"author":1,"featured_media":0,"parent":210,"menu_order":3,"comment_status":"open","ping_status":"closed","template":"","meta":{"footnotes":""},"class_list":["post-365","page","type-page","status-publish","hentry"],"_links":{"self":[{"href":"https:\/\/www.amateurtheater-ooe.at\/index.php?rest_route=\/wp\/v2\/pages\/365","targetHints":{"allow":["GET"]}}],"collection":[{"href":"https:\/\/www.amateurtheater-ooe.at\/index.php?rest_route=\/wp\/v2\/pages"}],"about":[{"href":"https:\/\/www.amateurtheater-ooe.at\/index.php?rest_route=\/wp\/v2\/types\/page"}],"author":[{"embeddable":true,"href":"https:\/\/www.amateurtheater-ooe.at\/index.php?rest_route=\/wp\/v2\/users\/1"}],"replies":[{"embeddable":true,"href":"https:\/\/www.amateurtheater-ooe.at\/index.php?rest_route=%2Fwp%2Fv2%2Fcomments&post=365"}],"version-history":[{"count":37,"href":"https:\/\/www.amateurtheater-ooe.at\/index.php?rest_route=\/wp\/v2\/pages\/365\/revisions"}],"predecessor-version":[{"id":21568,"href":"https:\/\/www.amateurtheater-ooe.at\/index.php?rest_route=\/wp\/v2\/pages\/365\/revisions\/21568"}],"up":[{"embeddable":true,"href":"https:\/\/www.amateurtheater-ooe.at\/index.php?rest_route=\/wp\/v2\/pages\/210"}],"wp:attachment":[{"href":"https:\/\/www.amateurtheater-ooe.at\/index.php?rest_route=%2Fwp%2Fv2%2Fmedia&parent=365"}],"curies":[{"name":"wp","href":"https:\/\/api.w.org\/{rel}","templated":true}]}}