{"id":372,"date":"2010-05-16T18:19:21","date_gmt":"2010-05-16T17:19:21","guid":{"rendered":"http:\/\/www.ooe-theaterverband.com\/?page_id=372"},"modified":"2024-09-11T13:06:16","modified_gmt":"2024-09-11T12:06:16","slug":"ehrungen","status":"publish","type":"page","link":"https:\/\/www.amateurtheater-ooe.at\/?page_id=372","title":{"rendered":"Ehrungen"},"content":{"rendered":"<p>Die 1. Ehrennadel verlieh Ehrenobmann Prof. Helmut Ortner am 21. Mai 1985 an die Regisseurin und Theatermacherin Rosina Hoffmann berichtet\u00a0Josef Kasper, der damalige Leiter der Theatergruppe Schwarzenberg.\u00a0Inzwischen zeichnet\u00a0Josef Kasper bereits seit 2006 als Obmann der\u00a0Theatergruppe Lembach verantwortlich.<\/p>\n<h1><strong>Ehrenzeichen<\/strong><\/h1>\n<h3>1. Anspruch<\/h3>\n<p>Anspruchsberechtigung auf die Ehrenzeichen des Amateurtheater Ober\u00f6sterreich<br \/>\nhaben SpielerleiterInnen, SpielerInnen und MitarbeiterInnen unserer Mitgliedsgruppen<\/p>\n<p>mind. 10\u00a0 Jahre: Ehrenzeichen (bronzene Nadel)<br \/>\nmind. 20 Jahre: Gro\u00dfes Ehrenzeichen (silberne Nadel)<br \/>\nmind. 30 Jahre: Ehrenurkunde (goldene Nadel)<\/p>\n<h3>2. Antrag<\/h3>\n<p>mit Angabe von folgenden Informationen schriftlich an Amateurtheater Ober\u00f6sterreich:<\/p>\n<ul>\n<li>Name<\/li>\n<li>Geburtsdatum<\/li>\n<li>Adresse<\/li>\n<li>sowie Dauer der Mitwirkung\/ Mitgliedschaft in der Gruppe<\/li>\n<li>bei RegisseurInnen: Spielleitung in den Jahren von &#8230;.. bis &#8230;.. sowie Anzahl der Inszenierungen<\/li>\n<\/ul>\n<p>&nbsp;<\/p>\n<h3>3. Genehmigung<\/h3>\n<p>Wenn die angef\u00fchrten Bedingungen eingehalten werden, gelten obige Richtlinien. Bei Vorliegen wichtiger Gr\u00fcnde kann hinsichtlich der Zugeh\u00f6rigkeit zur Gruppe bzw. T\u00e4tigkeitsdauer ein \u201eDispens\u201c erfolgen, wenn die Abweichung nicht zu gro\u00df ist. In solchen F\u00e4llen ist jedoch eine gesonderte Befassung des Vorstands n\u00f6tig.<\/p>\n<h3>4. Verleihung<\/h3>\n<p>Ehrenzeichen wird mit Urkunde bei einem Jubil\u00e4um der Gruppe oder bei einer Versammlung von Amateurtheater O\u00d6. verliehen<\/p>\n<h3>5. Kosten<\/h3>\n<p>15\u00a0 \u20ac \/ St\u00fcck<\/p>\n<h3>weitere Informationen<\/h3>\n<p><a href=\"http:\/\/www.ooe-theaterverband.com\/wp-content\/uploads\/2017\/01\/Urkunde-Ehrenzeichen-GROSS.pdf\">Ansicht: Urkunde gro\u00dfes Ehrenzeichen<\/a><\/p>\n<p>&nbsp;<\/p>\n<p>&nbsp;<\/p>\n","protected":false},"excerpt":{"rendered":"<p>Die 1. Ehrennadel verlieh Ehrenobmann Prof. Helmut Ortner am 21. Mai 1985 an die Regisseurin und Theatermacherin Rosina Hoffmann berichtet\u00a0Josef Kasper, der damalige Leiter der Theatergruppe Schwarzenberg.\u00a0Inzwischen zeichnet\u00a0Josef Kasper bereits seit 2006 als Obmann der\u00a0Theatergruppe Lembach verantwortlich. Ehrenzeichen 1. Anspruch Anspruchsberechtigung auf die Ehrenzeichen des Amateurtheater Ober\u00f6sterreich haben SpielerleiterInnen, SpielerInnen und MitarbeiterInnen unserer Mitgliedsgruppen mind. [&hellip;]<\/p>\n","protected":false},"author":1,"featured_media":0,"parent":210,"menu_order":4,"comment_status":"open","ping_status":"closed","template":"","meta":{"footnotes":""},"class_list":["post-372","page","type-page","status-publish","hentry"],"_links":{"self":[{"href":"https:\/\/www.amateurtheater-ooe.at\/index.php?rest_route=\/wp\/v2\/pages\/372","targetHints":{"allow":["GET"]}}],"collection":[{"href":"https:\/\/www.amateurtheater-ooe.at\/index.php?rest_route=\/wp\/v2\/pages"}],"about":[{"href":"https:\/\/www.amateurtheater-ooe.at\/index.php?rest_route=\/wp\/v2\/types\/page"}],"author":[{"embeddable":true,"href":"https:\/\/www.amateurtheater-ooe.at\/index.php?rest_route=\/wp\/v2\/users\/1"}],"replies":[{"embeddable":true,"href":"https:\/\/www.amateurtheater-ooe.at\/index.php?rest_route=%2Fwp%2Fv2%2Fcomments&post=372"}],"version-history":[{"count":19,"href":"https:\/\/www.amateurtheater-ooe.at\/index.php?rest_route=\/wp\/v2\/pages\/372\/revisions"}],"predecessor-version":[{"id":19271,"href":"https:\/\/www.amateurtheater-ooe.at\/index.php?rest_route=\/wp\/v2\/pages\/372\/revisions\/19271"}],"up":[{"embeddable":true,"href":"https:\/\/www.amateurtheater-ooe.at\/index.php?rest_route=\/wp\/v2\/pages\/210"}],"wp:attachment":[{"href":"https:\/\/www.amateurtheater-ooe.at\/index.php?rest_route=%2Fwp%2Fv2%2Fmedia&parent=372"}],"curies":[{"name":"wp","href":"https:\/\/api.w.org\/{rel}","templated":true}]}}