{"id":379,"date":"2010-05-16T18:21:52","date_gmt":"2010-05-16T17:21:52","guid":{"rendered":"http:\/\/www.ooe-theaterverband.com\/?page_id=379"},"modified":"2010-11-03T14:57:35","modified_gmt":"2010-11-03T13:57:35","slug":"history","status":"publish","type":"page","link":"https:\/\/www.amateurtheater-ooe.at\/?page_id=379","title":{"rendered":"Verbandsgeschichte"},"content":{"rendered":"<p>Die Tradition des Amateurtheaters in Ober\u00f6sterreich l\u00e4sst sich bis ins 18. Jhdt. zur\u00fcckverfolgen und erfuhr nach 1945 verst\u00e4rkte Wiederbelebung.<\/p>\n<h3><span style=\"text-decoration: underline;\">Sommer 1952: <\/span><\/h3>\n<p>Im Rahmen der ARGE O\u00d6. Volksbildungswerk wurde der O\u00d6. Landesverband f\u00fcr Schulspiel und Amateurtheater von \u00a0 \u00a0 \u00a0 \u00a0 \u00a0 \u00a0 \u00a0\u00a0 \u00a0 \u00a0 <strong><em>Prof. Wolfgang Dobesberger<\/em><\/strong> initiiert und gegr\u00fcndet.<strong><em> <\/em><\/strong><\/p>\n<p><strong><em>Prof. Helmut Ortner<\/em><\/strong>, Chef des Kellertheaters Linz, war von Anfang an Mitglied des Verbandes, der es sich zur Aufgabe machte, \u201eHilfe zur Selbsthilfe\u201c zu leisten, im Organisatorischen wie im Darstellerischen.<\/p>\n<p>Ortner folgte Dobesberger 1973 als Obmann nach und f\u00fchrte den Landesverband bis 1993.<\/p>\n<p>Von 1993 bis 2002 leitete <strong><em>Mag. Wolf Dorner<\/em><\/strong> die Geschicke des O\u00d6. Landes\u00adverbandes f\u00fcr Theater und Spiel.<\/p>\n<p>2002 wurde <strong><em>Gerhard Koller<\/em><\/strong> zum Verbandsobmann Amateurtheater O\u00d6 gew\u00e4hlt und steht diesem bis heute vor.<\/p>\n<h2><span style=\"text-decoration: underline;\">Amateurtheater Ober\u00f6sterreich heute<\/span><\/h2>\n<p><span style=\"text-decoration: underline;\"> <\/span><\/p>\n<ul>\n<li><strong>7000 Aktive in 250 Theatergruppen<\/strong><\/li>\n<li><strong>breites Angebot an Grundausbildungs- und Intensivseminaren <\/strong><\/li>\n<li><strong>Kinder- und Jugendtheaterakademie<\/strong><\/li>\n<li><strong>Theatertreffen und Festivals: regional-bundesweit-international<\/strong><\/li>\n<li><strong>Beratung und Service<\/strong><\/li>\n<li><strong>Theaterzeitung blick.punkt<\/strong><\/li>\n<\/ul>\n","protected":false},"excerpt":{"rendered":"<p>Die Tradition des Amateurtheaters in Ober\u00f6sterreich l\u00e4sst sich bis ins 18. Jhdt. zur\u00fcckverfolgen und erfuhr nach 1945 verst\u00e4rkte Wiederbelebung. Sommer 1952: Im Rahmen der ARGE O\u00d6. Volksbildungswerk wurde der O\u00d6. Landesverband f\u00fcr Schulspiel und Amateurtheater von \u00a0 \u00a0 \u00a0 \u00a0 \u00a0 \u00a0 \u00a0\u00a0 \u00a0 \u00a0 Prof. Wolfgang Dobesberger initiiert und gegr\u00fcndet. Prof. Helmut Ortner, Chef [&hellip;]<\/p>\n","protected":false},"author":1,"featured_media":0,"parent":210,"menu_order":5,"comment_status":"open","ping_status":"closed","template":"","meta":{"footnotes":""},"class_list":["post-379","page","type-page","status-publish","hentry"],"_links":{"self":[{"href":"https:\/\/www.amateurtheater-ooe.at\/index.php?rest_route=\/wp\/v2\/pages\/379","targetHints":{"allow":["GET"]}}],"collection":[{"href":"https:\/\/www.amateurtheater-ooe.at\/index.php?rest_route=\/wp\/v2\/pages"}],"about":[{"href":"https:\/\/www.amateurtheater-ooe.at\/index.php?rest_route=\/wp\/v2\/types\/page"}],"author":[{"embeddable":true,"href":"https:\/\/www.amateurtheater-ooe.at\/index.php?rest_route=\/wp\/v2\/users\/1"}],"replies":[{"embeddable":true,"href":"https:\/\/www.amateurtheater-ooe.at\/index.php?rest_route=%2Fwp%2Fv2%2Fcomments&post=379"}],"version-history":[{"count":12,"href":"https:\/\/www.amateurtheater-ooe.at\/index.php?rest_route=\/wp\/v2\/pages\/379\/revisions"}],"predecessor-version":[{"id":1208,"href":"https:\/\/www.amateurtheater-ooe.at\/index.php?rest_route=\/wp\/v2\/pages\/379\/revisions\/1208"}],"up":[{"embeddable":true,"href":"https:\/\/www.amateurtheater-ooe.at\/index.php?rest_route=\/wp\/v2\/pages\/210"}],"wp:attachment":[{"href":"https:\/\/www.amateurtheater-ooe.at\/index.php?rest_route=%2Fwp%2Fv2%2Fmedia&parent=379"}],"curies":[{"name":"wp","href":"https:\/\/api.w.org\/{rel}","templated":true}]}}