{"id":430,"date":"2010-07-04T19:30:00","date_gmt":"2010-07-04T18:30:00","guid":{"rendered":"http:\/\/www.ooe-theaterverband.com\/?page_id=430"},"modified":"2021-03-23T19:59:12","modified_gmt":"2021-03-23T18:59:12","slug":"kartenreservierung","status":"publish","type":"page","link":"https:\/\/www.amateurtheater-ooe.at\/?page_id=430","title":{"rendered":"Kartenreservierung"},"content":{"rendered":"<p><strong>Ticketlotse &#8211; Das Reservierungssystem aus Ober\u00f6sterreich<\/strong><\/p>\n<p>Sie suchen ein zuverl\u00e4ssiges und leicht zu bedienendes Online-Reservierungssystem f\u00fcr Ihre n\u00e4chste Veranstaltung bzw. Theaterauff\u00fchrung? Dann sind Sie bei Ticketlotse goldrichtig!<\/p>\n<p>Ticketlotse macht Schluss mit un\u00fcbersichtlichen Prozessen und l\u00e4stigem Organisationsaufwand vor und w\u00e4hrend der Reservierungsabwicklung. Die einfache Bedienung erm\u00f6glicht eine rasche Anlage von verschiedensten Events und Veranstaltungen mit individuellen Sitzpl\u00e4nen. Die Tickets selbst k\u00f6nnen einfach und bequem \u00fcber das Internet reserviert bzw. bezahlt werden. Alle eingehenden Reservierungen werden \u00fcbersichtlich aufgelistet und ein abschlie\u00dfender Ticketdruck ist nur einen Mausklick entfernt. Mithilfe von Ticketlotse kann man sich somit wieder auf das Wesentliche konzentrieren \u2013 eine tolle Show abliefern!<\/p>\n<p><strong>Interesse geweckt?<\/strong><\/p>\n<p>Alle Funktionen und zahlreiche Demos finden Sie auf unserer Website unter\u00a0<a href=\"https:\/\/www.ticketlotse.com\" target=\"_blank\" rel=\"noopener noreferrer\">www.ticketlotse.com<\/a>. Jetzt bei Ticketlotse registrieren und das System 30 Tage kostenlos testen!<\/p>\n<p><strong>Email:<\/strong>\u00a0<a href=\"mailto:office@ticketlotse.com\" target=\"_blank\" rel=\"noopener noreferrer\">office@ticketlotse.com<\/a><br \/>\n<strong>Telefon:<\/strong>\u00a0+43 660 5479433<br \/>\n<strong>Website:<\/strong>\u00a0<a href=\"https:\/\/www.ticketlotse.com\" target=\"_blank\" rel=\"noopener noreferrer\">www.ticketlotse.com<\/a><\/p>\n<p>&nbsp;<\/p>\n<table style=\"border-collapse: collapse; width: 100%;\">\n<tbody>\n<tr>\n<td style=\"width: 100%;\"><a href=\"https:\/\/www.amateurtheater-ooe.at\/wp-content\/uploads\/2021\/03\/2021-01-Digital-Solids-11.jpg\"><img loading=\"lazy\" decoding=\"async\" class=\"alignleft size-medium wp-image-15110\" src=\"https:\/\/www.amateurtheater-ooe.at\/wp-content\/uploads\/2021\/03\/2021-01-Digital-Solids-11-300x200.jpg\" alt=\"\" width=\"300\" height=\"200\" srcset=\"https:\/\/www.amateurtheater-ooe.at\/wp-content\/uploads\/2021\/03\/2021-01-Digital-Solids-11-300x200.jpg 300w, https:\/\/www.amateurtheater-ooe.at\/wp-content\/uploads\/2021\/03\/2021-01-Digital-Solids-11-200x134.jpg 200w, https:\/\/www.amateurtheater-ooe.at\/wp-content\/uploads\/2021\/03\/2021-01-Digital-Solids-11-768x513.jpg 768w, https:\/\/www.amateurtheater-ooe.at\/wp-content\/uploads\/2021\/03\/2021-01-Digital-Solids-11-1024x684.jpg 1024w, https:\/\/www.amateurtheater-ooe.at\/wp-content\/uploads\/2021\/03\/2021-01-Digital-Solids-11-1320x881.jpg 1320w\" sizes=\"auto, (max-width: 300px) 100vw, 300px\" \/><\/a><\/td>\n<\/tr>\n<tr>\n<td style=\"width: 100%;\">Die Entwickler von Ticketlotse sind selbst im Amateurtheater-Bereich beheimatet. Peter Pfarrhofer ist seit \u00fcber 20 Jahren Mitglied im Theaterverein Altenberg und hat vor 15 Jahren mit \u201cPlatz Online\u201d ein h\u00f6chst erfolgreiches Reservierungssystem ins Leben gerufen, welches auch als Ausgangsbasis f\u00fcr Ticketlotse diente. Mario Neundlinger ist Webentwickler und seit vielen Jahren Mitglied der Theatergruppe Kollerschlag. Gemeinsam haben die beiden mithilfe einer gro\u00dfen Portion Leidenschaft ein smartes und einfach zu bedienendes Online-Reservierungssystem geschaffen, welches perfekt auf die Bed\u00fcrfnisse des Amateurtheater-Bereichs abgestimmt ist.<\/td>\n<\/tr>\n<\/tbody>\n<\/table>\n<p>&nbsp;<\/p>\n","protected":false},"excerpt":{"rendered":"<p>Ticketlotse &#8211; Das Reservierungssystem aus Ober\u00f6sterreich Sie suchen ein zuverl\u00e4ssiges und leicht zu bedienendes Online-Reservierungssystem f\u00fcr Ihre n\u00e4chste Veranstaltung bzw. Theaterauff\u00fchrung? Dann sind Sie bei Ticketlotse goldrichtig! Ticketlotse macht Schluss mit un\u00fcbersichtlichen Prozessen und l\u00e4stigem Organisationsaufwand vor und w\u00e4hrend der Reservierungsabwicklung. Die einfache Bedienung erm\u00f6glicht eine rasche Anlage von verschiedensten Events und Veranstaltungen mit individuellen [&hellip;]<\/p>\n","protected":false},"author":1,"featured_media":0,"parent":218,"menu_order":12,"comment_status":"open","ping_status":"closed","template":"","meta":{"footnotes":""},"class_list":["post-430","page","type-page","status-publish","hentry"],"_links":{"self":[{"href":"https:\/\/www.amateurtheater-ooe.at\/index.php?rest_route=\/wp\/v2\/pages\/430","targetHints":{"allow":["GET"]}}],"collection":[{"href":"https:\/\/www.amateurtheater-ooe.at\/index.php?rest_route=\/wp\/v2\/pages"}],"about":[{"href":"https:\/\/www.amateurtheater-ooe.at\/index.php?rest_route=\/wp\/v2\/types\/page"}],"author":[{"embeddable":true,"href":"https:\/\/www.amateurtheater-ooe.at\/index.php?rest_route=\/wp\/v2\/users\/1"}],"replies":[{"embeddable":true,"href":"https:\/\/www.amateurtheater-ooe.at\/index.php?rest_route=%2Fwp%2Fv2%2Fcomments&post=430"}],"version-history":[{"count":16,"href":"https:\/\/www.amateurtheater-ooe.at\/index.php?rest_route=\/wp\/v2\/pages\/430\/revisions"}],"predecessor-version":[{"id":15114,"href":"https:\/\/www.amateurtheater-ooe.at\/index.php?rest_route=\/wp\/v2\/pages\/430\/revisions\/15114"}],"up":[{"embeddable":true,"href":"https:\/\/www.amateurtheater-ooe.at\/index.php?rest_route=\/wp\/v2\/pages\/218"}],"wp:attachment":[{"href":"https:\/\/www.amateurtheater-ooe.at\/index.php?rest_route=%2Fwp%2Fv2%2Fmedia&parent=430"}],"curies":[{"name":"wp","href":"https:\/\/api.w.org\/{rel}","templated":true}]}}