{"id":434,"date":"2010-07-04T19:39:21","date_gmt":"2010-07-04T18:39:21","guid":{"rendered":"http:\/\/www.ooe-theaterverband.com\/?page_id=434"},"modified":"2026-03-12T09:34:29","modified_gmt":"2026-03-12T08:34:29","slug":"vorstand","status":"publish","type":"page","link":"https:\/\/www.amateurtheater-ooe.at\/?page_id=434","title":{"rendered":"Vorstand"},"content":{"rendered":"<p><strong>Letzte Hauptversammlung vom 1. Oktober 2022<\/strong><\/p>\n<table style=\"height: 562px; width: 66.4203%; border-collapse: collapse; border-color: #ffffff; background-color: #ffffff;\" border=\"1\" cellspacing=\"0\" cellpadding=\"3\">\n<tbody>\n<tr style=\"height: 24px;\">\n<td style=\"width: 19.0524%; height: 24px; vertical-align: middle; border-color: #ffffff; background-color: #e1ddde; text-align: center;\" valign=\"top\"><strong><a href=\"https:\/\/www.amateurtheater-ooe.at\/?p=552\">Koller Gerhard<\/a><\/strong><\/td>\n<td style=\"width: 48.1855%; height: 24px; vertical-align: middle; border-color: #e1ddde; text-align: left;\" valign=\"top\"><strong>Obmann<\/strong><\/td>\n<\/tr>\n<tr style=\"height: 24px;\">\n<td style=\"width: 19.0524%; height: 24px; vertical-align: middle; border-color: #ffffff; background-color: #e1ddde; text-align: center;\" valign=\"top\"><a href=\"http:\/\/www.ooe-theaterverband.com\/?p=603\">Boldog Helmut<\/a><\/td>\n<td style=\"width: 48.1855%; height: 24px; vertical-align: middle; border-color: #e1ddde; text-align: left;\" valign=\"top\">Spielberatung<\/td>\n<\/tr>\n<tr style=\"height: 24px;\">\n<td style=\"width: 19.0524%; height: 24px; vertical-align: middle; border-color: #ffffff; background-color: #e1ddde; text-align: center;\"><a href=\"https:\/\/www.amateurtheater-ooe.at\/?p=5919\">Griendl Violetta<\/a><\/td>\n<td style=\"width: 48.1855%; height: 24px; vertical-align: middle; border-color: #e1ddde; text-align: left;\">Vorstandsassistenz, \u00d6ffentlichkeitsarbeit<\/td>\n<\/tr>\n<tr style=\"height: 24px;\">\n<td style=\"width: 19.0524%; height: 24px; vertical-align: middle; border-color: #ffffff; background-color: #e1ddde; text-align: center;\" valign=\"top\"><a href=\"https:\/\/www.amateurtheater-ooe.at\/?p=647\">Hochrathner Thomas<\/a><\/td>\n<td style=\"width: 48.1855%; height: 24px; vertical-align: middle; border-color: #e1ddde; text-align: left;\" valign=\"top\">Schriftf\u00fchrer<\/td>\n<\/tr>\n<tr style=\"height: 24px;\">\n<td style=\"width: 19.0524%; height: 24px; vertical-align: middle; border-color: #ffffff; background-color: #e1ddde; text-align: center;\"><a href=\"https:\/\/www.amateurtheater-ooe.at\/?p=16588\">Huber Franz Johann<\/a><\/td>\n<td style=\"width: 48.1855%; height: 24px; vertical-align: middle; border-color: #e1ddde; text-align: left;\">K\u00fcnstlerische Beratung<\/td>\n<\/tr>\n<tr style=\"height: 24px;\">\n<td style=\"width: 19.0524%; height: 24px; vertical-align: middle; border-color: #ffffff; background-color: #e1ddde; text-align: center;\" valign=\"top\"><a href=\"https:\/\/www.amateurtheater-ooe.at\/?p=629\">Humer Ruth<\/a><\/td>\n<td style=\"width: 48.1855%; height: 24px; vertical-align: middle; border-color: #e1ddde; text-align: left;\" valign=\"top\">Figurentheater\/Puppenspiel<\/td>\n<\/tr>\n<tr style=\"height: 24px;\">\n<td style=\"width: 19.0524%; height: 24px; vertical-align: middle; border-color: #ffffff; background-color: #e1ddde; text-align: center;\"><a href=\"https:\/\/www.amateurtheater-ooe.at\/?p=638\">Koller Michael<\/a><\/td>\n<td style=\"width: 48.1855%; height: 24px; vertical-align: middle; border-color: #e1ddde; text-align: left;\">Improtheater\/Theatersport<\/td>\n<\/tr>\n<tr style=\"height: 24px;\">\n<td style=\"width: 19.0524%; height: 24px; vertical-align: middle; border-color: #ffffff; background-color: #e1ddde; text-align: center;\" valign=\"top\"><a href=\"https:\/\/www.amateurtheater-ooe.at\/?p=579\">Leutgeb Karin<\/a><\/td>\n<td style=\"width: 48.1855%; height: 24px; vertical-align: middle; border-color: #e1ddde; text-align: left;\" valign=\"top\">Obmann-Stellvertreterin, Personal<\/td>\n<\/tr>\n<tr style=\"height: 24px;\">\n<td style=\"width: 19.0524%; height: 24px; vertical-align: middle; border-color: #ffffff; background-color: #e1ddde; text-align: center;\"><a href=\"https:\/\/www.amateurtheater-ooe.at\/?p=16570\">Lichtenegger Julia<\/a><\/td>\n<td style=\"width: 48.1855%; height: 24px; vertical-align: middle; border-color: #e1ddde; text-align: left;\">Redaktion<\/td>\n<\/tr>\n<tr style=\"height: 24px;\">\n<td style=\"width: 19.0524%; height: 24px; vertical-align: middle; border-color: #ffffff; background-color: #e1ddde; text-align: center;\"><a href=\"https:\/\/www.amateurtheater-ooe.at\/?p=12134\">Maier Christian<\/a><\/td>\n<td style=\"width: 48.1855%; height: 24px; vertical-align: middle; border-color: #e1ddde; text-align: left;\">Hausruckviertel-Referent, Projekte<\/td>\n<\/tr>\n<tr style=\"height: 24px;\">\n<td style=\"width: 19.0524%; height: 24px; vertical-align: middle; border-color: #ffffff; background-color: #e1ddde; text-align: center;\" valign=\"top\"><a href=\"https:\/\/www.amateurtheater-ooe.at\/?p=614\">Paumann Bernhard<\/a><\/td>\n<td style=\"width: 48.1855%; height: 24px; vertical-align: middle; border-color: #e1ddde; text-align: left;\" valign=\"top\">Ausbildung, Festivals<\/td>\n<\/tr>\n<tr style=\"height: 24px;\">\n<td style=\"width: 19.0524%; height: 24px; vertical-align: middle; border-color: #ffffff; background-color: #e1ddde; text-align: center;\"><a href=\"https:\/\/www.amateurtheater-ooe.at\/?p=16590\">Pfarrhofer Peter<\/a><\/td>\n<td style=\"width: 48.1855%; height: 24px; vertical-align: middle; border-color: #e1ddde; text-align: left;\">IT<\/td>\n<\/tr>\n<tr style=\"height: 24px;\">\n<td style=\"width: 19.0524%; height: 24px; vertical-align: middle; border-color: #ffffff; background-color: #e1ddde; text-align: center;\"><a href=\"https:\/\/www.amateurtheater-ooe.at\/?p=8344\">Reiger Gottfried<\/a><\/td>\n<td style=\"width: 48.1855%; height: 24px; vertical-align: middle; border-color: #e1ddde; text-align: left;\">Traunviertel-Referent<\/td>\n<\/tr>\n<tr style=\"height: 24px;\">\n<td style=\"width: 19.0524%; vertical-align: middle; border-color: #ffffff; background-color: #e1ddde; text-align: center; height: 24px;\"><a href=\"https:\/\/www.amateurtheater-ooe.at\/?p=16629\">Reischl Aruna<\/a><\/td>\n<td style=\"width: 48.1855%; vertical-align: middle; border-color: #e1ddde; text-align: left; height: 24px;\">Jugend<\/td>\n<\/tr>\n<tr style=\"height: 24px;\">\n<td style=\"width: 19.0524%; height: 24px; vertical-align: middle; border-color: #ffffff; background-color: #e1ddde; text-align: center;\" valign=\"top\"><a href=\"https:\/\/www.amateurtheater-ooe.at\/?p=3157\">Steiner Maria<\/a><\/td>\n<td style=\"width: 48.1855%; height: 24px; vertical-align: middle; border-color: #e1ddde; text-align: left;\" valign=\"top\">Kassenf\u00fchrung, Projekte<\/td>\n<\/tr>\n<tr style=\"height: 24px;\">\n<td style=\"width: 19.0524%; vertical-align: middle; border-color: #ffffff; background-color: #e1ddde; text-align: center; height: 24px;\">Stingeder Theresa<\/td>\n<td style=\"width: 48.1855%; vertical-align: middle; border-color: #e1ddde; text-align: left; height: 24px;\">Projekte<\/td>\n<\/tr>\n<tr style=\"height: 48px;\">\n<td style=\"width: 19.0524%; height: 10px; vertical-align: middle; border-color: #ffffff; background-color: #e1ddde; text-align: center;\" valign=\"top\"><a href=\"https:\/\/www.amateurtheater-ooe.at\/?p=608\">Touschek Hermine<\/a><\/td>\n<td style=\"width: 48.1855%; height: 10px; vertical-align: middle; border-color: #e1ddde; text-align: left;\" valign=\"top\">Obmann-Stv., Kassenf\u00fchrung-Stv., Redaktionsleitung blick.punkt<\/td>\n<\/tr>\n<tr style=\"height: 24px;\">\n<td style=\"width: 19.0524%; height: 24px; vertical-align: middle; border-color: #ffffff; background-color: #e1ddde; text-align: center;\"><a href=\"https:\/\/www.amateurtheater-ooe.at\/?p=3162\">Wolf Brigitte<\/a><\/td>\n<td style=\"width: 48.1855%; height: 24px; vertical-align: middle; border-color: #e1ddde; text-align: left;\">M\u00fchlviertel-Referentin<\/td>\n<\/tr>\n<tr style=\"height: 24px;\">\n<td style=\"width: 19.0524%; height: 24px; vertical-align: middle; border-color: #ffffff; background-color: #e1ddde; text-align: center;\"><a href=\"https:\/\/www.amateurtheater-ooe.at\/?p=3160\">Wimmer Florian<\/a><\/td>\n<td style=\"width: 48.1855%; height: 24px; vertical-align: middle; border-color: #e1ddde; text-align: left;\">Innviertel-Referent<\/td>\n<\/tr>\n<tr style=\"height: 24px;\">\n<td style=\"width: 19.0524%; height: 24px; vertical-align: middle; border-color: #ffffff; background-color: #e1ddde; text-align: center;\"><a href=\"https:\/\/www.amateurtheater-ooe.at\/?p=16574\">Wipplinger Gerhard<\/a><\/td>\n<td style=\"width: 48.1855%; height: 24px; border-color: #ffffff; vertical-align: middle; text-align: left;\">Jugend, Projekte<\/td>\n<\/tr>\n<tr style=\"height: 24px;\">\n<td style=\"width: 19.0524%; vertical-align: middle; background-color: #ffffff; height: 24px; text-align: center; border-color: #ffffff;\">nicht im Vorstand:<\/td>\n<td style=\"width: 48.1855%; vertical-align: middle; background-color: #ffffff; height: 24px; border-color: #ffffff; text-align: left;\"><\/td>\n<\/tr>\n<tr style=\"height: 24px;\">\n<td style=\"width: 19.0524%; vertical-align: middle; border-color: #ffffff; background-color: #e1ddde; text-align: center; height: 24px;\"><a href=\"https:\/\/www.amateurtheater-ooe.at\/?p=19505\">Joy Pia Mader<\/a><\/td>\n<td style=\"width: 48.1855%; vertical-align: middle; border-color: #e1ddde; height: 24px; text-align: left;\">Vorstandsassistenz<\/td>\n<\/tr>\n<tr style=\"height: 48px;\">\n<td style=\"width: 19.0524%; vertical-align: middle; border-color: #ffffff; background-color: #e1ddde; text-align: center; height: 48px;\">Anton Aichberger Andreas Krautschneider<\/td>\n<td style=\"width: 48.1855%; vertical-align: middle; border-color: #e1ddde; height: 48px; text-align: left;\">Rechnungspr\u00fcfer<\/td>\n<\/tr>\n<\/tbody>\n<\/table>\n<h2><a href=\"https:\/\/www.amateurtheater-ooe.at\/wp-content\/uploads\/2018\/10\/20180930_Viertel_Regional_Betreuer_innen.pdf\">Viertel- und Regionalbetreuung<\/a><\/h2>\n<p><span style=\"text-decoration: underline;\">M\u00fchlviertel-Referentin: <a href=\"http:\/\/www.ooe-theaterverband.com\/?p=3162\">Wolf Brigitte<\/a><\/span><br \/>\n<a href=\"mailto:waltergu@aon.at\">Gumpenberger Walter und Heidi <\/a><br \/>\n<a href=\"mailto:christine.kaineder@outlook.com\">Kaineder Christine<\/a><br \/>\n<a href=\"mailto:mandlaussandl@aon.at\">Mandl Josef<\/a><br \/>\n<a href=\"mailto:maria.steiner@amateurtheater-ooe.at\">Steiner Maria<\/a><br \/>\n<a href=\"h.pusch@eduhi.at\">Pusch Heinrich<\/a><br \/>\nChristian Rie\u00df<\/p>\n<p><u>Regional-Referentin Linz (Stadt): <a href=\"https:\/\/www.amateurtheater-ooe.at\/?p=5919\">Griendl Violetta<\/a><\/u><br \/>\n<a href=\"mailto:bernhard.paumann@amateurtheater-ooe.at\">Paumann Bernhard<\/a><\/p>\n<p><u>Innviertel-Referent: <\/u><u><a href=\"http:\/\/www.ooe-theaterverband.com\/?p=3160\">Wimmer Florian<\/a><\/u><\/p>\n<p><span style=\"text-decoration: underline;\">Hausruckviertel-Referent: <\/span><a href=\"https:\/\/www.amateurtheater-ooe.at\/?p=12134\"><span style=\"text-decoration: underline;\">Maier Christian<\/span><\/a><br \/>\n<a href=\"mailto:hermine.touschek@amateurtheater-ooe.at\">Touschek Hermine<\/a><br \/>\nSamuel Raser<\/p>\n<p><u>Traunviertel-Referent: <\/u><u><a href=\"https:\/\/www.amateurtheater-ooe.at\/?p=8344\">Reiger Gottfried<\/a><\/u><br \/>\nReiger Maria<br \/>\nGerald Trinkl<\/p>\n","protected":false},"excerpt":{"rendered":"<p>Letzte Hauptversammlung vom 1. Oktober 2022 Koller Gerhard Obmann Boldog Helmut Spielberatung Griendl Violetta Vorstandsassistenz, \u00d6ffentlichkeitsarbeit Hochrathner Thomas Schriftf\u00fchrer Huber Franz Johann K\u00fcnstlerische Beratung Humer Ruth Figurentheater\/Puppenspiel Koller Michael Improtheater\/Theatersport Leutgeb Karin Obmann-Stellvertreterin, Personal Lichtenegger Julia Redaktion Maier Christian Hausruckviertel-Referent, Projekte Paumann Bernhard Ausbildung, Festivals Pfarrhofer Peter IT Reiger Gottfried Traunviertel-Referent Reischl Aruna Jugend Steiner [&hellip;]<\/p>\n","protected":false},"author":1,"featured_media":0,"parent":224,"menu_order":2,"comment_status":"open","ping_status":"closed","template":"","meta":{"footnotes":""},"class_list":["post-434","page","type-page","status-publish","hentry"],"_links":{"self":[{"href":"https:\/\/www.amateurtheater-ooe.at\/index.php?rest_route=\/wp\/v2\/pages\/434","targetHints":{"allow":["GET"]}}],"collection":[{"href":"https:\/\/www.amateurtheater-ooe.at\/index.php?rest_route=\/wp\/v2\/pages"}],"about":[{"href":"https:\/\/www.amateurtheater-ooe.at\/index.php?rest_route=\/wp\/v2\/types\/page"}],"author":[{"embeddable":true,"href":"https:\/\/www.amateurtheater-ooe.at\/index.php?rest_route=\/wp\/v2\/users\/1"}],"replies":[{"embeddable":true,"href":"https:\/\/www.amateurtheater-ooe.at\/index.php?rest_route=%2Fwp%2Fv2%2Fcomments&post=434"}],"version-history":[{"count":136,"href":"https:\/\/www.amateurtheater-ooe.at\/index.php?rest_route=\/wp\/v2\/pages\/434\/revisions"}],"predecessor-version":[{"id":21951,"href":"https:\/\/www.amateurtheater-ooe.at\/index.php?rest_route=\/wp\/v2\/pages\/434\/revisions\/21951"}],"up":[{"embeddable":true,"href":"https:\/\/www.amateurtheater-ooe.at\/index.php?rest_route=\/wp\/v2\/pages\/224"}],"wp:attachment":[{"href":"https:\/\/www.amateurtheater-ooe.at\/index.php?rest_route=%2Fwp%2Fv2%2Fmedia&parent=434"}],"curies":[{"name":"wp","href":"https:\/\/api.w.org\/{rel}","templated":true}]}}